{"id":36,"date":"2020-11-10T14:50:43","date_gmt":"2020-11-10T19:50:43","guid":{"rendered":"https:\/\/mef.emdev.ca\/?page_id=36"},"modified":"2023-11-01T09:48:35","modified_gmt":"2023-11-01T13:48:35","slug":"media-kit","status":"publish","type":"page","link":"https:\/\/montrealenfetes.com\/en\/media-kit\/","title":{"rendered":"Media kit"},"content":{"rendered":"<p>&nbsp;<\/p>\n<p><iframe style=\"display: none;\"><\/iframe><\/p>\n","protected":false},"excerpt":{"rendered":"<p>&nbsp;<\/p>\n","protected":false},"author":1,"featured_media":0,"parent":0,"menu_order":0,"comment_status":"closed","ping_status":"closed","template":"templates\/kit-medias.php","meta":{"footnotes":""},"acf":[],"yoast_head":"<!-- This site is optimized with the Yoast SEO plugin v23.5 - https:\/\/yoast.com\/wordpress\/plugins\/seo\/ -->\n<title>Montr\u00e9al en f\u00eate<\/title>\n<meta name=\"description\" content=\"Montr\u00e9al en F\u00eates, c\u2019est l\u2019\u00e9v\u00e9nement phare des c\u00e9l\u00e9brations du temps des F\u00eates \u00e0 Montr\u00e9al. Pr\u00e9sent\u00e9 dans le cadre enchanteur du Vieux-Montr\u00e9al et du Vieux-Port, l\u2019organisme offre aux familles des activit\u00e9s gratuites qui c\u00e9l\u00e8brent la magie des F\u00eates.\" \/>\n<meta name=\"robots\" content=\"index, follow, max-snippet:-1, max-image-preview:large, max-video-preview:-1\" \/>\n<link rel=\"canonical\" href=\"https:\/\/montrealenfetes.com\/en\/media-kit\/\" \/>\n<meta property=\"og:locale\" content=\"en_US\" \/>\n<meta property=\"og:type\" content=\"article\" \/>\n<meta property=\"og:title\" content=\"Montr\u00e9al en f\u00eate\" \/>\n<meta property=\"og:description\" content=\"Montr\u00e9al en F\u00eates, c\u2019est l\u2019\u00e9v\u00e9nement phare des c\u00e9l\u00e9brations du temps des F\u00eates \u00e0 Montr\u00e9al. Pr\u00e9sent\u00e9 dans le cadre enchanteur du Vieux-Montr\u00e9al et du Vieux-Port, l\u2019organisme offre aux familles des activit\u00e9s gratuites qui c\u00e9l\u00e8brent la magie des F\u00eates.\" \/>\n<meta property=\"og:url\" content=\"https:\/\/montrealenfetes.com\/en\/media-kit\/\" \/>\n<meta property=\"og:site_name\" content=\"Montr\u00e9al en f\u00eate\" \/>\n<meta property=\"article:modified_time\" content=\"2023-11-01T13:48:35+00:00\" \/>\n<meta name=\"twitter:card\" content=\"summary_large_image\" \/>\n<script type=\"application\/ld+json\" class=\"yoast-schema-graph\">{\"@context\":\"https:\/\/schema.org\",\"@graph\":[{\"@type\":\"WebPage\",\"@id\":\"https:\/\/montrealenfetes.com\/en\/media-kit\/\",\"url\":\"https:\/\/montrealenfetes.com\/en\/media-kit\/\",\"name\":\"Montr\u00e9al en f\u00eate\",\"isPartOf\":{\"@id\":\"https:\/\/montrealenfetes.com\/en\/#website\"},\"datePublished\":\"2020-11-10T19:50:43+00:00\",\"dateModified\":\"2023-11-01T13:48:35+00:00\",\"description\":\"Montr\u00e9al en F\u00eates, c\u2019est l\u2019\u00e9v\u00e9nement phare des c\u00e9l\u00e9brations du temps des F\u00eates \u00e0 Montr\u00e9al. Pr\u00e9sent\u00e9 dans le cadre enchanteur du Vieux-Montr\u00e9al et du Vieux-Port, l\u2019organisme offre aux familles des activit\u00e9s gratuites qui c\u00e9l\u00e8brent la magie des F\u00eates.\",\"breadcrumb\":{\"@id\":\"https:\/\/montrealenfetes.com\/en\/media-kit\/#breadcrumb\"},\"inLanguage\":\"en-US\",\"potentialAction\":[{\"@type\":\"ReadAction\",\"target\":[\"https:\/\/montrealenfetes.com\/en\/media-kit\/\"]}]},{\"@type\":\"BreadcrumbList\",\"@id\":\"https:\/\/montrealenfetes.com\/en\/media-kit\/#breadcrumb\",\"itemListElement\":[{\"@type\":\"ListItem\",\"position\":1,\"name\":\"Home\",\"item\":\"https:\/\/montrealenfetes.com\/en\/\"},{\"@type\":\"ListItem\",\"position\":2,\"name\":\"Media kit\"}]},{\"@type\":\"WebSite\",\"@id\":\"https:\/\/montrealenfetes.com\/en\/#website\",\"url\":\"https:\/\/montrealenfetes.com\/en\/\",\"name\":\"Montr\u00e9al en f\u00eate\",\"description\":\"Joyeux No\u00ebl\",\"publisher\":{\"@id\":\"https:\/\/montrealenfetes.com\/en\/#organization\"},\"potentialAction\":[{\"@type\":\"SearchAction\",\"target\":{\"@type\":\"EntryPoint\",\"urlTemplate\":\"https:\/\/montrealenfetes.com\/en\/?s={search_term_string}\"},\"query-input\":{\"@type\":\"PropertyValueSpecification\",\"valueRequired\":true,\"valueName\":\"search_term_string\"}}],\"inLanguage\":\"en-US\"},{\"@type\":\"Organization\",\"@id\":\"https:\/\/montrealenfetes.com\/en\/#organization\",\"name\":\"Montr\u00e9al en F\u00eates\",\"url\":\"https:\/\/montrealenfetes.com\/en\/\",\"logo\":{\"@type\":\"ImageObject\",\"inLanguage\":\"en-US\",\"@id\":\"https:\/\/montrealenfetes.com\/en\/#\/schema\/logo\/image\/\",\"url\":\"https:\/\/i0.wp.com\/montrealenfetes.com\/wp-content\/uploads\/2020\/12\/MEF_ROUGE_FR-01.jpg?fit=450%2C450&ssl=1\",\"contentUrl\":\"https:\/\/i0.wp.com\/montrealenfetes.com\/wp-content\/uploads\/2020\/12\/MEF_ROUGE_FR-01.jpg?fit=450%2C450&ssl=1\",\"width\":450,\"height\":450,\"caption\":\"Montr\u00e9al en F\u00eates\"},\"image\":{\"@id\":\"https:\/\/montrealenfetes.com\/en\/#\/schema\/logo\/image\/\"}}]}<\/script>\n<!-- \/ Yoast SEO plugin. -->","yoast_head_json":{"title":"Montr\u00e9al en f\u00eate","description":"Montr\u00e9al en F\u00eates, c\u2019est l\u2019\u00e9v\u00e9nement phare des c\u00e9l\u00e9brations du temps des F\u00eates \u00e0 Montr\u00e9al. Pr\u00e9sent\u00e9 dans le cadre enchanteur du Vieux-Montr\u00e9al et du Vieux-Port, l\u2019organisme offre aux familles des activit\u00e9s gratuites qui c\u00e9l\u00e8brent la magie des F\u00eates.","robots":{"index":"index","follow":"follow","max-snippet":"max-snippet:-1","max-image-preview":"max-image-preview:large","max-video-preview":"max-video-preview:-1"},"canonical":"https:\/\/montrealenfetes.com\/en\/media-kit\/","og_locale":"en_US","og_type":"article","og_title":"Montr\u00e9al en f\u00eate","og_description":"Montr\u00e9al en F\u00eates, c\u2019est l\u2019\u00e9v\u00e9nement phare des c\u00e9l\u00e9brations du temps des F\u00eates \u00e0 Montr\u00e9al. Pr\u00e9sent\u00e9 dans le cadre enchanteur du Vieux-Montr\u00e9al et du Vieux-Port, l\u2019organisme offre aux familles des activit\u00e9s gratuites qui c\u00e9l\u00e8brent la magie des F\u00eates.","og_url":"https:\/\/montrealenfetes.com\/en\/media-kit\/","og_site_name":"Montr\u00e9al en f\u00eate","article_modified_time":"2023-11-01T13:48:35+00:00","twitter_card":"summary_large_image","schema":{"@context":"https:\/\/schema.org","@graph":[{"@type":"WebPage","@id":"https:\/\/montrealenfetes.com\/en\/media-kit\/","url":"https:\/\/montrealenfetes.com\/en\/media-kit\/","name":"Montr\u00e9al en f\u00eate","isPartOf":{"@id":"https:\/\/montrealenfetes.com\/en\/#website"},"datePublished":"2020-11-10T19:50:43+00:00","dateModified":"2023-11-01T13:48:35+00:00","description":"Montr\u00e9al en F\u00eates, c\u2019est l\u2019\u00e9v\u00e9nement phare des c\u00e9l\u00e9brations du temps des F\u00eates \u00e0 Montr\u00e9al. Pr\u00e9sent\u00e9 dans le cadre enchanteur du Vieux-Montr\u00e9al et du Vieux-Port, l\u2019organisme offre aux familles des activit\u00e9s gratuites qui c\u00e9l\u00e8brent la magie des F\u00eates.","breadcrumb":{"@id":"https:\/\/montrealenfetes.com\/en\/media-kit\/#breadcrumb"},"inLanguage":"en-US","potentialAction":[{"@type":"ReadAction","target":["https:\/\/montrealenfetes.com\/en\/media-kit\/"]}]},{"@type":"BreadcrumbList","@id":"https:\/\/montrealenfetes.com\/en\/media-kit\/#breadcrumb","itemListElement":[{"@type":"ListItem","position":1,"name":"Home","item":"https:\/\/montrealenfetes.com\/en\/"},{"@type":"ListItem","position":2,"name":"Media kit"}]},{"@type":"WebSite","@id":"https:\/\/montrealenfetes.com\/en\/#website","url":"https:\/\/montrealenfetes.com\/en\/","name":"Montr\u00e9al en f\u00eate","description":"Joyeux No\u00ebl","publisher":{"@id":"https:\/\/montrealenfetes.com\/en\/#organization"},"potentialAction":[{"@type":"SearchAction","target":{"@type":"EntryPoint","urlTemplate":"https:\/\/montrealenfetes.com\/en\/?s={search_term_string}"},"query-input":{"@type":"PropertyValueSpecification","valueRequired":true,"valueName":"search_term_string"}}],"inLanguage":"en-US"},{"@type":"Organization","@id":"https:\/\/montrealenfetes.com\/en\/#organization","name":"Montr\u00e9al en F\u00eates","url":"https:\/\/montrealenfetes.com\/en\/","logo":{"@type":"ImageObject","inLanguage":"en-US","@id":"https:\/\/montrealenfetes.com\/en\/#\/schema\/logo\/image\/","url":"https:\/\/i0.wp.com\/montrealenfetes.com\/wp-content\/uploads\/2020\/12\/MEF_ROUGE_FR-01.jpg?fit=450%2C450&ssl=1","contentUrl":"https:\/\/i0.wp.com\/montrealenfetes.com\/wp-content\/uploads\/2020\/12\/MEF_ROUGE_FR-01.jpg?fit=450%2C450&ssl=1","width":450,"height":450,"caption":"Montr\u00e9al en F\u00eates"},"image":{"@id":"https:\/\/montrealenfetes.com\/en\/#\/schema\/logo\/image\/"}}]}},"jetpack_sharing_enabled":true,"_links":{"self":[{"href":"https:\/\/montrealenfetes.com\/en\/wp-json\/wp\/v2\/pages\/36"}],"collection":[{"href":"https:\/\/montrealenfetes.com\/en\/wp-json\/wp\/v2\/pages"}],"about":[{"href":"https:\/\/montrealenfetes.com\/en\/wp-json\/wp\/v2\/types\/page"}],"author":[{"embeddable":true,"href":"https:\/\/montrealenfetes.com\/en\/wp-json\/wp\/v2\/users\/1"}],"replies":[{"embeddable":true,"href":"https:\/\/montrealenfetes.com\/en\/wp-json\/wp\/v2\/comments?post=36"}],"version-history":[{"count":30,"href":"https:\/\/montrealenfetes.com\/en\/wp-json\/wp\/v2\/pages\/36\/revisions"}],"predecessor-version":[{"id":2780,"href":"https:\/\/montrealenfetes.com\/en\/wp-json\/wp\/v2\/pages\/36\/revisions\/2780"}],"wp:attachment":[{"href":"https:\/\/montrealenfetes.com\/en\/wp-json\/wp\/v2\/media?parent=36"}],"curies":[{"name":"wp","href":"https:\/\/api.w.org\/{rel}","templated":true}]}}